{"id":706,"date":"2024-07-18T07:13:58","date_gmt":"2024-07-18T05:13:58","guid":{"rendered":"https:\/\/anbaro.pl\/?page_id=706"},"modified":"2024-09-17T11:46:05","modified_gmt":"2024-09-17T09:46:05","slug":"edukacja","status":"publish","type":"page","link":"https:\/\/anbaro.pl\/?page_id=706","title":{"rendered":"Edukacja"},"content":{"rendered":"\n<p>Matematyka jest fundamentem innych dyscyplin i towarzyszy nam w codziennym \u017cyciu. Jednocze\u015bnie jest te\u017c przedmiotem szkolnym uznawanym za jeden z najtrudniejszych. Wiele dzieci ma k\u0142opoty z nauk\u0105 matematyki, ze zrozumieniem tego o czym m\u00f3wi nauczyciel na lekcji.  Dlatego wielu Rodzic\u00f3w w trosce o swoje dziecko poszukuje dla swojej pociechy dodatkowych zaj\u0119\u0107 z matematyki.<\/p>\n\n\n\n<p>Je\u017celi:<\/p>\n\n\n\n<ul class=\"wp-block-list\">\n<li>Jeste\u015b Rodzicem dbaj\u0105cym o swoje dziecko? <\/li>\n\n\n\n<li>Twoje dziecko nie lubi, boi si\u0119, nie umie matematyki? <\/li>\n\n\n\n<li>Znowu dosta\u0142o z\u0142\u0105 ocen\u0119? <\/li>\n\n\n\n<li>Codziennie w domu s\u0142yszysz &#8220;Pomo\u017cesz mi?&#8221;, &#8220;Nie umiem tego zrobi\u0107!&#8221;, &#8220;Zwolnisz mnie z matmy?&#8221;, &#8220;Boj\u0119 si\u0119 i\u015b\u0107 na matm\u0119&#8221;<\/li>\n\n\n\n<li>Ma zaleg\u0142o\u015bci z m\u0142odszych klas, a przygotowuje si\u0119 do egzaminu \u00f3smoklasisty? <\/li>\n\n\n\n<li>Chcia\u0142oby bardzo dobrze napisa\u0107 egzamin \u00f3smoklasisty i dosta\u0107 si\u0119 do wymarzonej szko\u0142y \u015bredniej?<\/li>\n<\/ul>\n\n\n\n<p> to jeste\u015b w <strong>najlepszym<\/strong> dla <strong>Twojego dziecka<\/strong> miejscu i czasie.<\/p>\n\n\n\n<p>Zapraszam na <strong>\u015bwietne korepetycje z matematyki<\/strong> dla uczni\u00f3w <strong>klas 5-8 szko\u0142y podstawowej<\/strong><\/p>\n\n\n\n<p><\/p>\n\n\n\n<p><\/p>\n","protected":false},"excerpt":{"rendered":"<p>Matematyka jest fundamentem innych dyscyplin i towarzyszy nam w codziennym \u017cyciu. Jednocze\u015bnie jest te\u017c przedmiotem szkolnym uznawanym za jeden z najtrudniejszych. Wiele dzieci ma k\u0142opoty z nauk\u0105 matematyki, ze zrozumieniem tego o czym m\u00f3wi nauczyciel na lekcji. Dlatego wielu Rodzic\u00f3w w trosce o swoje dziecko poszukuje dla swojej pociechy dodatkowych zaj\u0119\u0107 z matematyki. Je\u017celi: to&#8230;<\/p>\n","protected":false},"author":1,"featured_media":0,"parent":0,"menu_order":0,"comment_status":"closed","ping_status":"closed","template":"","meta":{"_kadence_starter_templates_imported_post":false,"_kad_post_transparent":"","_kad_post_title":"","_kad_post_layout":"","_kad_post_sidebar_id":"","_kad_post_content_style":"","_kad_post_vertical_padding":"","_kad_post_feature":"","_kad_post_feature_position":"","_kad_post_header":false,"_kad_post_footer":false,"footnotes":"[]"},"class_list":["post-706","page","type-page","status-publish","hentry"],"_links":{"self":[{"href":"https:\/\/anbaro.pl\/index.php?rest_route=\/wp\/v2\/pages\/706","targetHints":{"allow":["GET"]}}],"collection":[{"href":"https:\/\/anbaro.pl\/index.php?rest_route=\/wp\/v2\/pages"}],"about":[{"href":"https:\/\/anbaro.pl\/index.php?rest_route=\/wp\/v2\/types\/page"}],"author":[{"embeddable":true,"href":"https:\/\/anbaro.pl\/index.php?rest_route=\/wp\/v2\/users\/1"}],"replies":[{"embeddable":true,"href":"https:\/\/anbaro.pl\/index.php?rest_route=%2Fwp%2Fv2%2Fcomments&post=706"}],"version-history":[{"count":6,"href":"https:\/\/anbaro.pl\/index.php?rest_route=\/wp\/v2\/pages\/706\/revisions"}],"predecessor-version":[{"id":888,"href":"https:\/\/anbaro.pl\/index.php?rest_route=\/wp\/v2\/pages\/706\/revisions\/888"}],"wp:attachment":[{"href":"https:\/\/anbaro.pl\/index.php?rest_route=%2Fwp%2Fv2%2Fmedia&parent=706"}],"curies":[{"name":"wp","href":"https:\/\/api.w.org\/{rel}","templated":true}]}}